{"id":462,"date":"2020-03-17T18:43:10","date_gmt":"2020-03-17T18:43:10","guid":{"rendered":"http:\/\/hompark.themezinho.net\/?page_id=7"},"modified":"2024-01-19T09:52:36","modified_gmt":"2024-01-19T09:52:36","slug":"start","status":"publish","type":"page","link":"https:\/\/gemsoffice.vn\/gemsempiretower\/","title":{"rendered":"Start"},"content":{"rendered":"<div class=\"wpb-content-wrapper\"><p>[vc_row anchor_wrap_section=&#8221;no&#8221; el_class=&#8221;header-spacing&#8221;][vc_column][ts_hero_slider hero_slider=&#8221;27&#8243;][\/vc_column][\/vc_row][vc_row content_placement=&#8221;middle&#8221; motts_theme_padding=&#8221;no&#8221; use_container=&#8221;yes&#8221; el_id=&#8221;vitri&#8221;][vc_column offset=&#8221;vc_col-md-6&#8243;][ts_side_image_left image=&#8221;480&#8243;][\/vc_column][vc_column css=&#8221;.vc_custom_1584953605262{padding-left: 60px !important;}&#8221; offset=&#8221;vc_col-md-6&#8243;][ts_section_title animate_block=&#8221;yes&#8221; animation_type=&#8221;fadeInUp&#8221; index=&#8221;01&#8243; title=&#8221;<em>GEMS EMPIRE TOWER<\/em>&#8221; sub_title=&#8221;V\u1ecb tr\u00ed v\u00e0ng &#8211; k\u1ebft n\u1ed1i giao th\u01b0\u01a1ng, thu\u1eadn ti\u1ec7n ti\u1ebfp c\u1eadn th\u1ecb tr\u01b0\u1eddng&#8221;][ts_side_image_right animate_block=&#8221;yes&#8221; animation_type=&#8221;fadeInUp&#8221;]V\u1ecb tr\u00ed v\u00f4 c\u00f9ng \u0111\u1eafc \u0111\u1ecba k\u1ebft n\u1ed1i giao th\u01b0\u01a1ng, thu\u1eadn ti\u1ec7n ti\u1ebfp c\u1eadn th\u1ecb tr\u01b0\u1eddng. Gems Empire Tower n\u1eb1m tr\u00ean tuy\u1ebfn \u0111\u01b0\u1eddng huy\u1ebft m\u1ea1ch Tr\u01b0\u1eddng Chinh c\u00f3 m\u1eadt \u0111\u1ed9 tham gia giao th\u00f4ng t\u1ea5p n\u1eadp, h\u1ee9a h\u1eb9n \u0111em t\u1edbi l\u01b0\u1ee3ng kh\u00e1ch h\u00e0ng kh\u1ed5ng l\u1ed3 cho nh\u1eefng doanh nghi\u1ec7p \u0111ang kinh doanh th\u01b0\u01a1ng m\u1ea1i v\u00e0 d\u1ecbch v\u1ee5.<\/p>\n<p><img decoding=\"async\" src=\"https:\/\/gemsoffice.vn\/gemsempiretower\/wp-content\/uploads\/2024\/01\/mobility_9712808.png\" alt=\"\" width=\"80\" \/>[\/ts_side_image_right][\/vc_column][\/vc_row][vc_row section_background_color=&#8221;#f9f9f9&#8243; use_container=&#8221;yes&#8221;][vc_column][ts_section_title align=&#8221;center&#8221; animate_block=&#8221;yes&#8221; animation_type=&#8221;fadeInUp&#8221; index=&#8221;02&#8243; title=&#8221;<em>GEMS EMPIRE TOWER<\/em>&#8221; sub_title=&#8221;05 l\u00fd do n\u00ean ch\u1ecdn \u0111i\u1ec3m \u0111\u1ebfn t\u1ea1i \u0111\u00e2y&#8221;][vc_row_inner equal_height=&#8221;yes&#8221;][vc_column_inner width=&#8221;1\/3&#8243; offset=&#8221;vc_col-md-1\/5&#8243;][vc_column_text]<\/p>\n<div class=\"icon-counter\">\n<figure><img decoding=\"async\" style=\"height: 100px;\" src=\"https:\/\/gemsoffice.vn\/gemsempiretower\/wp-content\/uploads\/2024\/01\/so-1.png\" alt=\"V\u1ecb tr\u00ed \u201cV\u00c0NG\u201d\" \/><\/figure>\n<h5 style=\"margin-bottom: 20px; text-transform: uppercase;\">V\u1ecb tr\u00ed \u201cV\u00c0NG\u201d<\/h5>\n<p style=\"margin-bottom: 48px;\">N\u1eb1m t\u1ea1i v\u1ecb tr\u00ed v\u00e0ng trong Qu\u1eadn trung t\u00e2m H\u00e0 N\u1ed9i<\/p>\n<\/div>\n<p>[\/vc_column_text][\/vc_column_inner][vc_column_inner width=&#8221;1\/3&#8243; offset=&#8221;vc_col-md-1\/5&#8243;][vc_column_text]<\/p>\n<div class=\"icon-counter\">\n<figure><img decoding=\"async\" style=\"height: 100px;\" src=\"https:\/\/gemsoffice.vn\/gemsempiretower\/wp-content\/uploads\/2024\/01\/so-2.png\" alt=\"3000 Kh\u00e1ch h\u00e0ng \u0111ang hi\u1ec7n h\u1eefu t\u1ea1i t\u00f2a nh\u00e0 v\u0103n ph\u00f2ng th\u01b0\u01a1ng m\u1ea1i d\u1ecbch v\u1ee5 Gems Empire Tower\" \/><\/figure>\n<h5 style=\"margin-bottom: 20px; text-transform: uppercase;\">3,000 KH\u00c1CH H\u00c0NG<\/h5>\n<p style=\"margin-bottom: 22px;\">Kh\u00e1ch h\u00e0ng \u0111ang hi\u1ec7n h\u1eefu t\u1ea1i t\u00f2a nh\u00e0 v\u0103n ph\u00f2ng th\u01b0\u01a1ng m\u1ea1i d\u1ecbch v\u1ee5 Gems Empire Tower<\/p>\n<\/div>\n<p>[\/vc_column_text][\/vc_column_inner][vc_column_inner width=&#8221;1\/3&#8243; offset=&#8221;vc_col-md-1\/5&#8243;][vc_column_text]<\/p>\n<div class=\"icon-counter\">\n<figure><img decoding=\"async\" style=\"height: 100px;\" src=\"https:\/\/gemsoffice.vn\/gemsempiretower\/wp-content\/uploads\/2024\/01\/Gyoza_Ramen__15_-removebg-preview-1.png\" alt=\"ch\u1ea5t l\u01b0\u1ee3ng v\u01b0\u1ee3t tr\u1ed9i\" \/><\/figure>\n<h5 style=\"margin-bottom: 20px; text-transform: uppercase;\">ch\u1ea5t l\u01b0\u1ee3ng v\u01b0\u1ee3t tr\u1ed9i &#8211; gi\u00e1 c\u1ea1nh tranh<\/h5>\n<p style=\"margin-bottom: 24px;\">Ch\u1ea5t l\u01b0\u1ee3ng h\u1ea1ng A &#8211; Gi\u00e1 ch\u1ec9 t\u01b0\u01a1ng \u0111\u01b0\u01a1ng h\u1ea1ng B<\/p>\n<\/div>\n<p>[\/vc_column_text][\/vc_column_inner][vc_column_inner width=&#8221;1\/2&#8243; offset=&#8221;vc_col-md-1\/5&#8243;][vc_column_text]<\/p>\n<div class=\"icon-counter\">\n<figure><img decoding=\"async\" style=\"height: 100px;\" src=\"https:\/\/gemsoffice.vn\/gemsempiretower\/wp-content\/uploads\/2024\/01\/so-5.png\" alt=\"V\u0103n ph\u00f2ng \u0111\u1ea1t ch\u1ee9ng ch\u1ec9 xanh\" \/><\/figure>\n<h5 style=\"margin-bottom: 20px; text-transform: uppercase;\">V\u0103n ph\u00f2ng \u0111\u1ea1t ch\u1ee9ng ch\u1ec9 xanh<\/h5>\n<p>T\u00f2a v\u0103n ph\u00f2ng th\u01b0\u01a1ng m\u1ea1i v\u00e0 d\u1ecbch v\u1ee5 l\u1edbn b\u1eadc nh\u1ea5t trung t\u00e2m H\u00e0 N\u1ed9i \u0111\u1ea1t ch\u1ee9ng ch\u1ec9 xanh<\/p><\/div>\n<p>[\/vc_column_text][\/vc_column_inner][vc_column_inner width=&#8221;1\/2&#8243; offset=&#8221;vc_col-md-1\/5 vc_col-xs-12&#8243;][vc_column_text]<\/p>\n<div class=\"icon-counter\">\n<figure><img decoding=\"async\" style=\"height: 100px;\" src=\"https:\/\/gemsoffice.vn\/gemsempiretower\/wp-content\/uploads\/2024\/01\/so-5-1.png\" alt=\"Di\u1ec7n t\u00edch linh ho\u1ea1t\" \/><\/figure>\n<h5 style=\"margin-bottom: 20px; text-transform: uppercase;\">Di\u1ec7n t\u00edch linh ho\u1ea1t<\/h5>\n<p style=\"margin-bottom: 22px;\">Di\u1ec7n t\u00edch linh ho\u1ea1t t\u1eeb 30m2, 50m2, 100m2, 200m2, 300m2, 500m2, &#8230; 2000m2, 5000m2<\/p>\n<\/div>\n<p>[\/vc_column_text][\/vc_column_inner][\/vc_row_inner][\/vc_column][\/vc_row][vc_row content_placement=&#8221;middle&#8221; use_container=&#8221;yes&#8221; css=&#8221;.vc_custom_1584721711573{margin-bottom: 150px !important;}&#8221;][vc_column offset=&#8221;vc_col-md-5&#8243;][ts_section_title animate_block=&#8221;yes&#8221; animation_type=&#8221;fadeInUp&#8221; index=&#8221;03&#8243; title=&#8221;<em>GEMS EMPIRE TOWER<\/em> CUNG C\u1ea4P S\u1ea2N PH\u1ea8M&#8221; sub_title=&#8221;Th\u01b0\u01a1ng m\u1ea1i &amp; d\u1ecbch v\u1ee5 &#8211; S\u00e0n v\u0103n ph\u00f2ng &#8211; V\u0103n ph\u00f2ng tr\u1ecdn g\u00f3i &#8211; V\u0103n ph\u00f2ng \u1ea3o&#8221;][ts_side_text_left animate_block=&#8221;yes&#8221; animation_type=&#8221;fadeInUp&#8221;]Gems Empire Tower c\u00f3 t\u1ed5ng di\u1ec7n t\u00edch x\u00e2y d\u1ef1ng l\u00ean t\u1edbi 20,000m2, c\u00f3 s\u1ee9c ch\u1ee9a l\u00ean t\u1edbi 3,000 nh\u00e2n s\u1ef1 l\u00e0m vi\u1ec7c b\u00ean trong t\u00f2a nh\u00e0. L\u00e0 to\u00e0 nh\u00e0 t\u1ed5 h\u1ee3p v\u0103n ph\u00f2ng th\u01b0\u01a1ng m\u1ea1i v\u00e0 d\u1ecbch v\u1ee5 l\u1edbn b\u1eadc nh\u1ea5t trung t\u00e2m H\u00e0 N\u1ed9i.<\/p>\n<p>Gems Empire Tower c\u00f3 t\u1edbi 4 t\u1ea7ng khai th\u00e1c Th\u01b0\u01a1ng M\u1ea1i v\u00e0 D\u1ecbch V\u1ee5, c\u00e1c t\u1ea7ng c\u00f2n l\u1ea1i ph\u1ee5c v\u1ee5 c\u00e1c c\u00f4ng ty c\u00f3 nhu c\u1ea7u thu\u00ea v\u0103n ph\u00f2ng nh\u01b0: S\u00e0n V\u0103n Ph\u00f2ng, V\u0103n Ph\u00f2ng Tr\u1ecdn G\u00f3i, V\u0103n Ph\u00f2ng \u1ea2o.[\/ts_side_text_left][\/vc_column][vc_column offset=&#8221;vc_col-md-7&#8243;][vc_row_inner][vc_column_inner width=&#8221;1\/3&#8243;][ts_gallery_thumb animate_block=&#8221;yes&#8221; animation_type=&#8221;fadeInUp&#8221; image=&#8221;541&#8243; title=&#8221;Image&#8221; attribute=&#8221;1.07&#8243;][\/vc_column_inner][vc_column_inner width=&#8221;1\/3&#8243;][ts_gallery_thumb animate_block=&#8221;yes&#8221; animation_type=&#8221;fadeInUp&#8221; image=&#8221;544&#8243; title=&#8221;Image&#8221; attribute=&#8221;1.15&#8243; animation_delay=&#8221;0.05s&#8221;][\/vc_column_inner][vc_column_inner width=&#8221;1\/3&#8243;][ts_gallery_thumb animate_block=&#8221;yes&#8221; animation_type=&#8221;fadeInUp&#8221; image=&#8221;545&#8243; title=&#8221;Image&#8221; attribute=&#8221;1.04&#8243; animation_delay=&#8221;0.10s&#8221;][\/vc_column_inner][\/vc_row_inner][\/vc_column][\/vc_row][vc_row content_placement=&#8221;middle&#8221; motts_theme_padding=&#8221;no&#8221; use_container=&#8221;yes&#8221;][vc_column offset=&#8221;vc_col-md-6&#8243;][ts_side_image_left image=&#8221;647&#8243;][\/vc_column][vc_column css=&#8221;.vc_custom_1584954196020{padding-left: 60px !important;}&#8221; offset=&#8221;vc_col-md-6&#8243;][ts_section_title animate_block=&#8221;yes&#8221; animation_type=&#8221;fadeInUp&#8221; index=&#8221;04&#8243; title=&#8221;<em>V\u1eca TR\u00cd V\u00c0NG <\/em> TI\u1ec6N \u00cdCH \u0110\u1ed2NG B\u1ed8&#8221; sub_title=&#8221;S\u1ef1 l\u1ef1a ch\u1ecdn th\u00f4ng minh cho doanh nghi\u1ec7p c\u1ee7a b\u1ea1n&#8221;][ts_side_image_right animate_block=&#8221;yes&#8221; animation_type=&#8221;fadeInUp&#8221;]T\u1ecda l\u1ea1i t\u1ea1i v\u1ecb tr\u00ed trung t\u00e2m, Gems Empire Tower k\u1ebft n\u1ed1i th\u1eadn ti\u1ec7n v\u1edbi c\u00e1c khu \u0111\u00f4 th\u1ecb l\u1edbn, trung t\u00e2m h\u00e0nh ch\u00ednh,&#8230; T\u1ea1o m\u00f4i tr\u01b0\u1eddng l\u00e0m vi\u1ec7c, kinh doanh l\u00fd t\u01b0\u1edfng v\u1edbi b\u1ea5t k\u1ef3 doanh nghi\u1ec7p \u0111ang ho\u1ea1t \u0111\u1ed9ng b\u00ean trong t\u00f2a nh\u00e0.<\/p>\n<p>\u0110\u1eb7c bi\u1ec7t, ngay b\u00ean trong t\u00f2a nh\u00e0 c\u00f3 t\u1edbi 4 t\u1ea7ng ph\u1ee5c v\u1ee5 c\u00e1c ho\u1ea1t \u0111\u1ed9ng th\u01b0\u01a1ng m\u1ea1i v\u00e0 d\u1ecbch v\u1ee5. \u0110\u1ea3m b\u1ea3o \u0111\u1ea7y \u0111\u1ee7 c\u00e1c d\u1ecbch v\u1ee5 t\u1eeb \u0103n u\u1ed1ng, vui ch\u01a1i gi\u1ea3i tr\u00ed ph\u1ee5c v\u1ee5 c\u00e1c nhu c\u1ea7u c\u1ee7a nh\u00e2n vi\u00ean m\u00e0 kh\u00f4ng c\u1ea7n ph\u1ea3i b\u01b0\u1edbc xu\u1ed1ng \u0111\u01b0\u1eddng.<\/p>\n<p><img decoding=\"async\" src=\"https:\/\/gemsoffice.vn\/gemsempiretower\/wp-content\/uploads\/2024\/01\/five-stars_9137804.png\" alt=\"\" width=\"80\" \/>[\/ts_side_image_right][\/vc_column][\/vc_row][vc_row content_placement=&#8221;middle&#8221; section_background_color=&#8221;#f9f9f9&#8243; motts_theme_padding=&#8221;no&#8221; use_container=&#8221;yes&#8221; css=&#8221;.vc_custom_1705638314832{padding-top: 150px !important;padding-bottom: 150px !important;}&#8221;][vc_column width=&#8221;1\/2&#8243; offset=&#8221;vc_col-md-6&#8243;][ts_section_title animate_block=&#8221;yes&#8221; animation_type=&#8221;fadeInUp&#8221; index=&#8221;05&#8243; title=&#8221;<em>CH\u1ee8NG CH\u1ec8 XANH <\/em> TI\u00caU CHU\u1ea8N QU\u1ed0C T\u1ebe&#8221; tagline=&#8221;\u0110\u1ea0T CH\u1ee8NG NH\u1eacN EDGE&#8221;][\/vc_column][vc_column width=&#8221;1\/6&#8243;][ts_certificates fancybox=&#8221;yes&#8221; animate_block=&#8221;yes&#8221; animation_type=&#8221;fadeInUp&#8221; image=&#8221;420&#8243; title=&#8221;Certificate&#8221; animation_delay=&#8221;0s&#8221;][\/vc_column][vc_column width=&#8221;1\/6&#8243;][ts_certificates fancybox=&#8221;yes&#8221; animate_block=&#8221;yes&#8221; animation_type=&#8221;fadeInUp&#8221; image=&#8221;419&#8243; title=&#8221;Certificate&#8221; animation_delay=&#8221;0.05s&#8221;][\/vc_column][vc_column width=&#8221;1\/6&#8243;][ts_certificates fancybox=&#8221;yes&#8221; animate_block=&#8221;yes&#8221; animation_type=&#8221;fadeInUp&#8221; image=&#8221;418&#8243; title=&#8221;Certificate&#8221; animation_delay=&#8221;0.10s&#8221;][\/vc_column][\/vc_row][vc_row use_container=&#8221;yes&#8221;][vc_column][ts_section_title animate_block=&#8221;yes&#8221; animation_type=&#8221;fadeInUp&#8221; index=&#8221;06&#8243; title=&#8221;TIN T\u1ee8C N\u00d4I B\u1eacT&#8221; tagline=&#8221;C\u1eacP NH\u1eacT H\u00c0NG NG\u00c0Y&#8221;][ts_recent_news animate_block=&#8221;yes&#8221; animation_type=&#8221;fadeInUp&#8221;][\/vc_column][\/vc_row]<\/p>\n<\/div>","protected":false},"excerpt":{"rendered":"<p>[vc_row anchor_wrap_section=&#8221;no&#8221; el_class=&#8221;header-spacing&#8221;][vc_column][ts_hero_slider hero_slider=&#8221;27&#8243;][\/vc_column][\/vc_row][vc_row content_placement=&#8221;middle&#8221; motts_theme_padding=&#8221;no&#8221; use_container=&#8221;yes&#8221; el_id=&#8221;vitri&#8221;][vc_column offset=&#8221;vc_col-md-6&#8243;][ts_side_image_left image=&#8221;480&#8243;][\/vc_column][vc_column css=&#8221;.vc_custom_1584953605262{padding-left: 60px !important;}&#8221; offset=&#8221;vc_col-md-6&#8243;][ts_section_title animate_block=&#8221;yes&#8221; animation_type=&#8221;fadeInUp&#8221; index=&#8221;01&#8243; title=&#8221;GEMS EMPIRE TOWER&#8221; sub_title=&#8221;V\u1ecb tr\u00ed v\u00e0ng &#8211; k\u1ebft n\u1ed1i giao th\u01b0\u01a1ng, thu\u1eadn ti\u1ec7n ti\u1ebfp c\u1eadn th\u1ecb tr\u01b0\u1eddng&#8221;][ts_side_image_right animate_block=&#8221;yes&#8221; animation_type=&#8221;fadeInUp&#8221;]V\u1ecb tr\u00ed v\u00f4 c\u00f9ng \u0111\u1eafc \u0111\u1ecba k\u1ebft n\u1ed1i giao th\u01b0\u01a1ng, thu\u1eadn ti\u1ec7n ti\u1ebfp c\u1eadn th\u1ecb tr\u01b0\u1eddng. Gems Empire Tower n\u1eb1m [&hellip;]<\/p>\n","protected":false},"author":1,"featured_media":0,"parent":0,"menu_order":0,"comment_status":"closed","ping_status":"closed","template":"page-portfolio.php","meta":{"_monsterinsights_skip_tracking":false,"_monsterinsights_sitenote_active":false,"_monsterinsights_sitenote_note":"","_monsterinsights_sitenote_category":0,"footnotes":""},"class_list":["post-462","page","type-page","status-publish","hentry"],"acf":[],"yoast_head":"<!-- This site is optimized with the Yoast SEO plugin v21.8 - https:\/\/yoast.com\/wordpress\/plugins\/seo\/ -->\n<title>Gems Empire Tower<\/title>\n<meta name=\"robots\" content=\"noindex, follow, max-snippet:-1, max-image-preview:large, max-video-preview:-1\" \/>\n<meta property=\"og:locale\" content=\"vi_VN\" \/>\n<meta property=\"og:type\" content=\"article\" \/>\n<meta property=\"og:title\" content=\"Gems Empire Tower\" \/>\n<meta property=\"og:description\" content=\"[vc_row anchor_wrap_section=&#8221;no&#8221; el_class=&#8221;header-spacing&#8221;][vc_column][ts_hero_slider hero_slider=&#8221;27&#8243;][\/vc_column][\/vc_row][vc_row content_placement=&#8221;middle&#8221; motts_theme_padding=&#8221;no&#8221; use_container=&#8221;yes&#8221; el_id=&#8221;vitri&#8221;][vc_column offset=&#8221;vc_col-md-6&#8243;][ts_side_image_left image=&#8221;480&#8243;][\/vc_column][vc_column css=&#8221;.vc_custom_1584953605262{padding-left: 60px !important;}&#8221; offset=&#8221;vc_col-md-6&#8243;][ts_section_title animate_block=&#8221;yes&#8221; animation_type=&#8221;fadeInUp&#8221; index=&#8221;01&#8243; title=&#8221;GEMS EMPIRE TOWER&#8221; sub_title=&#8221;V\u1ecb tr\u00ed v\u00e0ng &#8211; k\u1ebft n\u1ed1i giao th\u01b0\u01a1ng, thu\u1eadn ti\u1ec7n ti\u1ebfp c\u1eadn th\u1ecb tr\u01b0\u1eddng&#8221;][ts_side_image_right animate_block=&#8221;yes&#8221; animation_type=&#8221;fadeInUp&#8221;]V\u1ecb tr\u00ed v\u00f4 c\u00f9ng \u0111\u1eafc \u0111\u1ecba k\u1ebft n\u1ed1i giao th\u01b0\u01a1ng, thu\u1eadn ti\u1ec7n ti\u1ebfp c\u1eadn th\u1ecb tr\u01b0\u1eddng. Gems Empire Tower n\u1eb1m [&hellip;]\" \/>\n<meta property=\"og:url\" content=\"https:\/\/gemsoffice.vn\/gemsempiretower\/\" \/>\n<meta property=\"og:site_name\" content=\"Gems Empire Tower\" \/>\n<meta property=\"article:modified_time\" content=\"2024-01-19T09:52:36+00:00\" \/>\n<meta property=\"og:image\" content=\"https:\/\/gemsoffice.vn\/gemsempiretower\/wp-content\/uploads\/2024\/01\/mobility_9712808.png\" \/>\n<meta name=\"twitter:card\" content=\"summary_large_image\" \/>\n<meta name=\"twitter:label1\" content=\"\u01af\u1edbc t\u00ednh th\u1eddi gian \u0111\u1ecdc\" \/>\n\t<meta name=\"twitter:data1\" content=\"5 ph\u00fat\" \/>\n<script type=\"application\/ld+json\" class=\"yoast-schema-graph\">{\"@context\":\"https:\/\/schema.org\",\"@graph\":[{\"@type\":\"WebPage\",\"@id\":\"https:\/\/gemsoffice.vn\/gemsempiretower\/\",\"url\":\"https:\/\/gemsoffice.vn\/gemsempiretower\/\",\"name\":\"Gems Empire Tower\",\"isPartOf\":{\"@id\":\"https:\/\/gemsoffice.vn\/gemsempiretower\/#website\"},\"datePublished\":\"2020-03-17T18:43:10+00:00\",\"dateModified\":\"2024-01-19T09:52:36+00:00\",\"breadcrumb\":{\"@id\":\"https:\/\/gemsoffice.vn\/gemsempiretower\/#breadcrumb\"},\"inLanguage\":\"vi\",\"potentialAction\":[{\"@type\":\"ReadAction\",\"target\":[\"https:\/\/gemsoffice.vn\/gemsempiretower\/\"]}]},{\"@type\":\"BreadcrumbList\",\"@id\":\"https:\/\/gemsoffice.vn\/gemsempiretower\/#breadcrumb\",\"itemListElement\":[{\"@type\":\"ListItem\",\"position\":1,\"name\":\"Trang ch\u1ee7\",\"item\":\"https:\/\/gemsoffice.vn\/gemsempiretower\/\"},{\"@type\":\"ListItem\",\"position\":2,\"name\":\"Start\"}]},{\"@type\":\"WebSite\",\"@id\":\"https:\/\/gemsoffice.vn\/gemsempiretower\/#website\",\"url\":\"https:\/\/gemsoffice.vn\/gemsempiretower\/\",\"name\":\"Gems Empire Tower\",\"description\":\"\",\"potentialAction\":[{\"@type\":\"SearchAction\",\"target\":{\"@type\":\"EntryPoint\",\"urlTemplate\":\"https:\/\/gemsoffice.vn\/gemsempiretower\/?s={search_term_string}\"},\"query-input\":\"required name=search_term_string\"}],\"inLanguage\":\"vi\"}]}<\/script>\n<!-- \/ Yoast SEO plugin. -->","yoast_head_json":{"title":"Gems Empire Tower","robots":{"index":"noindex","follow":"follow","max-snippet":"max-snippet:-1","max-image-preview":"max-image-preview:large","max-video-preview":"max-video-preview:-1"},"og_locale":"vi_VN","og_type":"article","og_title":"Gems Empire Tower","og_description":"[vc_row anchor_wrap_section=&#8221;no&#8221; el_class=&#8221;header-spacing&#8221;][vc_column][ts_hero_slider hero_slider=&#8221;27&#8243;][\/vc_column][\/vc_row][vc_row content_placement=&#8221;middle&#8221; motts_theme_padding=&#8221;no&#8221; use_container=&#8221;yes&#8221; el_id=&#8221;vitri&#8221;][vc_column offset=&#8221;vc_col-md-6&#8243;][ts_side_image_left image=&#8221;480&#8243;][\/vc_column][vc_column css=&#8221;.vc_custom_1584953605262{padding-left: 60px !important;}&#8221; offset=&#8221;vc_col-md-6&#8243;][ts_section_title animate_block=&#8221;yes&#8221; animation_type=&#8221;fadeInUp&#8221; index=&#8221;01&#8243; title=&#8221;GEMS EMPIRE TOWER&#8221; sub_title=&#8221;V\u1ecb tr\u00ed v\u00e0ng &#8211; k\u1ebft n\u1ed1i giao th\u01b0\u01a1ng, thu\u1eadn ti\u1ec7n ti\u1ebfp c\u1eadn th\u1ecb tr\u01b0\u1eddng&#8221;][ts_side_image_right animate_block=&#8221;yes&#8221; animation_type=&#8221;fadeInUp&#8221;]V\u1ecb tr\u00ed v\u00f4 c\u00f9ng \u0111\u1eafc \u0111\u1ecba k\u1ebft n\u1ed1i giao th\u01b0\u01a1ng, thu\u1eadn ti\u1ec7n ti\u1ebfp c\u1eadn th\u1ecb tr\u01b0\u1eddng. Gems Empire Tower n\u1eb1m [&hellip;]","og_url":"https:\/\/gemsoffice.vn\/gemsempiretower\/","og_site_name":"Gems Empire Tower","article_modified_time":"2024-01-19T09:52:36+00:00","og_image":[{"url":"https:\/\/gemsoffice.vn\/gemsempiretower\/wp-content\/uploads\/2024\/01\/mobility_9712808.png"}],"twitter_card":"summary_large_image","twitter_misc":{"\u01af\u1edbc t\u00ednh th\u1eddi gian \u0111\u1ecdc":"5 ph\u00fat"},"schema":{"@context":"https:\/\/schema.org","@graph":[{"@type":"WebPage","@id":"https:\/\/gemsoffice.vn\/gemsempiretower\/","url":"https:\/\/gemsoffice.vn\/gemsempiretower\/","name":"Gems Empire Tower","isPartOf":{"@id":"https:\/\/gemsoffice.vn\/gemsempiretower\/#website"},"datePublished":"2020-03-17T18:43:10+00:00","dateModified":"2024-01-19T09:52:36+00:00","breadcrumb":{"@id":"https:\/\/gemsoffice.vn\/gemsempiretower\/#breadcrumb"},"inLanguage":"vi","potentialAction":[{"@type":"ReadAction","target":["https:\/\/gemsoffice.vn\/gemsempiretower\/"]}]},{"@type":"BreadcrumbList","@id":"https:\/\/gemsoffice.vn\/gemsempiretower\/#breadcrumb","itemListElement":[{"@type":"ListItem","position":1,"name":"Trang ch\u1ee7","item":"https:\/\/gemsoffice.vn\/gemsempiretower\/"},{"@type":"ListItem","position":2,"name":"Start"}]},{"@type":"WebSite","@id":"https:\/\/gemsoffice.vn\/gemsempiretower\/#website","url":"https:\/\/gemsoffice.vn\/gemsempiretower\/","name":"Gems Empire Tower","description":"","potentialAction":[{"@type":"SearchAction","target":{"@type":"EntryPoint","urlTemplate":"https:\/\/gemsoffice.vn\/gemsempiretower\/?s={search_term_string}"},"query-input":"required name=search_term_string"}],"inLanguage":"vi"}]}},"_links":{"self":[{"href":"https:\/\/gemsoffice.vn\/gemsempiretower\/wp-json\/wp\/v2\/pages\/462","targetHints":{"allow":["GET"]}}],"collection":[{"href":"https:\/\/gemsoffice.vn\/gemsempiretower\/wp-json\/wp\/v2\/pages"}],"about":[{"href":"https:\/\/gemsoffice.vn\/gemsempiretower\/wp-json\/wp\/v2\/types\/page"}],"author":[{"embeddable":true,"href":"https:\/\/gemsoffice.vn\/gemsempiretower\/wp-json\/wp\/v2\/users\/1"}],"replies":[{"embeddable":true,"href":"https:\/\/gemsoffice.vn\/gemsempiretower\/wp-json\/wp\/v2\/comments?post=462"}],"version-history":[{"count":38,"href":"https:\/\/gemsoffice.vn\/gemsempiretower\/wp-json\/wp\/v2\/pages\/462\/revisions"}],"predecessor-version":[{"id":649,"href":"https:\/\/gemsoffice.vn\/gemsempiretower\/wp-json\/wp\/v2\/pages\/462\/revisions\/649"}],"wp:attachment":[{"href":"https:\/\/gemsoffice.vn\/gemsempiretower\/wp-json\/wp\/v2\/media?parent=462"}],"curies":[{"name":"wp","href":"https:\/\/api.w.org\/{rel}","templated":true}]}}